{"id":3135,"date":"2023-08-12T00:56:59","date_gmt":"2023-08-12T00:56:59","guid":{"rendered":"https:\/\/becsil.com\/?post_type=product&#038;p=3135"},"modified":"2023-08-13T21:34:53","modified_gmt":"2023-08-13T21:34:53","slug":"photo-session-wedding-bronze-package","status":"publish","type":"product","link":"https:\/\/becsil.com\/es\/producto\/photo-session-wedding-bronze-package\/","title":{"rendered":"Sesi\u00f3n de fotos para boda paquete Bronce"},"content":{"rendered":"<p> \"Hola, soy Carlos Becerra Silva, un apasionado fot\u00f3grafo profesional y especialista en publicidad. He tenido el privilegio de ense\u00f1ar fotograf\u00eda a m\u00e1s de 5000 estudiantes y capturar momentos especiales en bodas, eventos y sesiones publicitarias. Si est\u00e1s buscando una experiencia fotogr\u00e1fica \u00fanica y creativa, \u00a1est\u00e1s en el lugar indicado!\"<\/p>\n\n\n\n<p>atentamente<\/p>\n\n\n\n<p><strong>BECSIL<\/strong> \ud83d\ude42<\/p>","protected":false},"excerpt":{"rendered":"<p><span style=\"font-family: Roboto, Arial, sans-serif;font-size: 14px\">Paquete Bronce Incluye:\nFotograf\u00eda y Video 4 horas de cobertura en un solo lugar\n(1) USB con todas las fotograf\u00edas. 4 impresiones de 8 x10 pulgadas <\/span><br \/><span style=\"font-family: Roboto, Arial, sans-serif;font-size: 14px\">1 video completo de hasta 28 minutos <\/span><br \/><span style=\"font-family: Roboto, Arial, sans-serif;font-size: 14px\">1 video corto editado de un minuto <\/span><br \/><span style=\"font-family: Roboto, Arial, sans-serif;font-size: 14px\">Hora extra por cada servicio: $210\u00a0<\/span><\/p>","protected":false},"featured_media":3136,"comment_status":"open","ping_status":"closed","template":"","meta":{"site-sidebar-layout":"default","site-content-layout":"","ast-site-content-layout":"","site-content-style":"default","site-sidebar-style":"default","ast-global-header-display":"","ast-banner-title-visibility":"","ast-main-header-display":"","ast-hfb-above-header-display":"","ast-hfb-below-header-display":"","ast-hfb-mobile-header-display":"","site-post-title":"","ast-breadcrumbs-content":"","ast-featured-img":"","footer-sml-layout":"","theme-transparent-header-meta":"","adv-header-id-meta":"","stick-header-meta":"","header-above-stick-meta":"","header-main-stick-meta":"","header-below-stick-meta":"","astra-migrate-meta-layouts":"default","ast-page-background-enabled":"default","ast-page-background-meta":{"desktop":{"background-color":"var(--ast-global-color-4)","background-image":"","background-repeat":"repeat","background-position":"center center","background-size":"auto","background-attachment":"scroll","background-type":"","background-media":"","overlay-type":"","overlay-color":"","overlay-opacity":"","overlay-gradient":""},"tablet":{"background-color":"","background-image":"","background-repeat":"repeat","background-position":"center center","background-size":"auto","background-attachment":"scroll","background-type":"","background-media":"","overlay-type":"","overlay-color":"","overlay-opacity":"","overlay-gradient":""},"mobile":{"background-color":"","background-image":"","background-repeat":"repeat","background-position":"center center","background-size":"auto","background-attachment":"scroll","background-type":"","background-media":"","overlay-type":"","overlay-color":"","overlay-opacity":"","overlay-gradient":""}},"ast-content-background-meta":{"desktop":{"background-color":"var(--ast-global-color-5)","background-image":"","background-repeat":"repeat","background-position":"center center","background-size":"auto","background-attachment":"scroll","background-type":"","background-media":"","overlay-type":"","overlay-color":"","overlay-opacity":"","overlay-gradient":""},"tablet":{"background-color":"var(--ast-global-color-5)","background-image":"","background-repeat":"repeat","background-position":"center center","background-size":"auto","background-attachment":"scroll","background-type":"","background-media":"","overlay-type":"","overlay-color":"","overlay-opacity":"","overlay-gradient":""},"mobile":{"background-color":"var(--ast-global-color-5)","background-image":"","background-repeat":"repeat","background-position":"center center","background-size":"auto","background-attachment":"scroll","background-type":"","background-media":"","overlay-type":"","overlay-color":"","overlay-opacity":"","overlay-gradient":""}},"_joinchat":[]},"product_brand":[],"product_cat":[35],"product_tag":[],"class_list":{"0":"post-3135","1":"product","2":"type-product","3":"status-publish","4":"has-post-thumbnail","6":"product_cat-photography-services","7":"desktop-align-left","8":"tablet-align-left","9":"mobile-align-left","11":"first","12":"onbackorder","13":"sale","14":"shipping-taxable","15":"purchasable","16":"product-type-simple"},"yoast_head":"<!-- This site is optimized with the Yoast SEO plugin v27.4 - https:\/\/yoast.com\/product\/yoast-seo-wordpress\/ -->\n<title>Photo Session Wedding Bronze Package - BECSIL PHOTOGRAPHER<\/title>\n<meta name=\"robots\" content=\"index, follow, max-snippet:-1, max-image-preview:large, max-video-preview:-1\" \/>\n<link rel=\"canonical\" href=\"https:\/\/becsil.com\/es\/producto\/photo-session-wedding-bronze-package\/\" \/>\n<meta property=\"og:locale\" content=\"es_ES\" \/>\n<meta property=\"og:type\" content=\"article\" \/>\n<meta property=\"og:title\" content=\"Photo Session Wedding Bronze Package - BECSIL PHOTOGRAPHER\" \/>\n<meta property=\"og:description\" content=\"&gt; Bronze Package Includes: Photography and video 4 hours of coverage in one location Usb all images 4 Print 8\u00d710 inch 1 full video of up to 28 minutes 1 short edited 1 minute video Extra hour $210 each service*\u00a0\" \/>\n<meta property=\"og:url\" content=\"https:\/\/becsil.com\/es\/producto\/photo-session-wedding-bronze-package\/\" \/>\n<meta property=\"og:site_name\" content=\"BECSIL PHOTOGRAPHER\" \/>\n<meta property=\"article:publisher\" content=\"https:\/\/web.facebook.com\/becsilphotographer\/\" \/>\n<meta property=\"article:modified_time\" content=\"2023-08-13T21:34:53+00:00\" \/>\n<meta name=\"twitter:card\" content=\"summary_large_image\" \/>\n<script type=\"application\/ld+json\" class=\"yoast-schema-graph\">{\"@context\":\"https:\\\/\\\/schema.org\",\"@graph\":[{\"@type\":\"WebPage\",\"@id\":\"https:\\\/\\\/becsil.com\\\/producto\\\/photo-session-wedding-bronze-package\\\/\",\"url\":\"https:\\\/\\\/becsil.com\\\/producto\\\/photo-session-wedding-bronze-package\\\/\",\"name\":\"Photo Session Wedding Bronze Package - BECSIL PHOTOGRAPHER\",\"isPartOf\":{\"@id\":\"https:\\\/\\\/becsil.com\\\/#website\"},\"primaryImageOfPage\":{\"@id\":\"https:\\\/\\\/becsil.com\\\/producto\\\/photo-session-wedding-bronze-package\\\/#primaryimage\"},\"image\":{\"@id\":\"https:\\\/\\\/becsil.com\\\/producto\\\/photo-session-wedding-bronze-package\\\/#primaryimage\"},\"thumbnailUrl\":\"https:\\\/\\\/becsil.com\\\/wp-content\\\/uploads\\\/2023\\\/08\\\/File-Jul-18-2023-17-39-14.png\",\"datePublished\":\"2023-08-12T00:56:59+00:00\",\"dateModified\":\"2023-08-13T21:34:53+00:00\",\"breadcrumb\":{\"@id\":\"https:\\\/\\\/becsil.com\\\/producto\\\/photo-session-wedding-bronze-package\\\/#breadcrumb\"},\"inLanguage\":\"es\",\"potentialAction\":[{\"@type\":\"ReadAction\",\"target\":[\"https:\\\/\\\/becsil.com\\\/producto\\\/photo-session-wedding-bronze-package\\\/\"]}]},{\"@type\":\"ImageObject\",\"inLanguage\":\"es\",\"@id\":\"https:\\\/\\\/becsil.com\\\/producto\\\/photo-session-wedding-bronze-package\\\/#primaryimage\",\"url\":\"https:\\\/\\\/becsil.com\\\/wp-content\\\/uploads\\\/2023\\\/08\\\/File-Jul-18-2023-17-39-14.png\",\"contentUrl\":\"https:\\\/\\\/becsil.com\\\/wp-content\\\/uploads\\\/2023\\\/08\\\/File-Jul-18-2023-17-39-14.png\",\"width\":1024,\"height\":683,\"caption\":\"Weddings, we celebrate love!!!\"},{\"@type\":\"BreadcrumbList\",\"@id\":\"https:\\\/\\\/becsil.com\\\/producto\\\/photo-session-wedding-bronze-package\\\/#breadcrumb\",\"itemListElement\":[{\"@type\":\"ListItem\",\"position\":1,\"name\":\"Portada\",\"item\":\"https:\\\/\\\/becsil.com\\\/\"},{\"@type\":\"ListItem\",\"position\":2,\"name\":\"Store\",\"item\":\"https:\\\/\\\/becsil.com\\\/store\\\/\"},{\"@type\":\"ListItem\",\"position\":3,\"name\":\"Photo Session Wedding Bronze Package\"}]},{\"@type\":\"WebSite\",\"@id\":\"https:\\\/\\\/becsil.com\\\/#website\",\"url\":\"https:\\\/\\\/becsil.com\\\/\",\"name\":\"BECSIL PHOTOGRAPHER\",\"description\":\"Photography and Advertising\",\"publisher\":{\"@id\":\"https:\\\/\\\/becsil.com\\\/#organization\"},\"potentialAction\":[{\"@type\":\"SearchAction\",\"target\":{\"@type\":\"EntryPoint\",\"urlTemplate\":\"https:\\\/\\\/becsil.com\\\/?s={search_term_string}\"},\"query-input\":{\"@type\":\"PropertyValueSpecification\",\"valueRequired\":true,\"valueName\":\"search_term_string\"}}],\"inLanguage\":\"es\"},{\"@type\":\"Organization\",\"@id\":\"https:\\\/\\\/becsil.com\\\/#organization\",\"name\":\"BECSIL PHOTOGRAPHER\",\"url\":\"https:\\\/\\\/becsil.com\\\/\",\"logo\":{\"@type\":\"ImageObject\",\"inLanguage\":\"es\",\"@id\":\"https:\\\/\\\/becsil.com\\\/#\\\/schema\\\/logo\\\/image\\\/\",\"url\":\"https:\\\/\\\/becsil.com\\\/wp-content\\\/uploads\\\/2023\\\/01\\\/LOGO-BECSIL_Mesa-de-trabajo-1-copia-2.png\",\"contentUrl\":\"https:\\\/\\\/becsil.com\\\/wp-content\\\/uploads\\\/2023\\\/01\\\/LOGO-BECSIL_Mesa-de-trabajo-1-copia-2.png\",\"width\":827,\"height\":355,\"caption\":\"BECSIL PHOTOGRAPHER\"},\"image\":{\"@id\":\"https:\\\/\\\/becsil.com\\\/#\\\/schema\\\/logo\\\/image\\\/\"},\"sameAs\":[\"https:\\\/\\\/web.facebook.com\\\/becsilphotographer\\\/\",\"https:\\\/\\\/www.instagram.com\\\/becsilphotographer\\\/\"]}]}<\/script>\n<!-- \/ Yoast SEO plugin. -->","yoast_head_json":{"title":"Photo Session Wedding Bronze Package - BECSIL PHOTOGRAPHER","robots":{"index":"index","follow":"follow","max-snippet":"max-snippet:-1","max-image-preview":"max-image-preview:large","max-video-preview":"max-video-preview:-1"},"canonical":"https:\/\/becsil.com\/es\/producto\/photo-session-wedding-bronze-package\/","og_locale":"es_ES","og_type":"article","og_title":"Photo Session Wedding Bronze Package - BECSIL PHOTOGRAPHER","og_description":"&gt; Bronze Package Includes: Photography and video 4 hours of coverage in one location Usb all images 4 Print 8\u00d710 inch 1 full video of up to 28 minutes 1 short edited 1 minute video Extra hour $210 each service*\u00a0","og_url":"https:\/\/becsil.com\/es\/producto\/photo-session-wedding-bronze-package\/","og_site_name":"BECSIL PHOTOGRAPHER","article_publisher":"https:\/\/web.facebook.com\/becsilphotographer\/","article_modified_time":"2023-08-13T21:34:53+00:00","twitter_card":"summary_large_image","schema":{"@context":"https:\/\/schema.org","@graph":[{"@type":"WebPage","@id":"https:\/\/becsil.com\/producto\/photo-session-wedding-bronze-package\/","url":"https:\/\/becsil.com\/producto\/photo-session-wedding-bronze-package\/","name":"Photo Session Wedding Bronze Package - BECSIL PHOTOGRAPHER","isPartOf":{"@id":"https:\/\/becsil.com\/#website"},"primaryImageOfPage":{"@id":"https:\/\/becsil.com\/producto\/photo-session-wedding-bronze-package\/#primaryimage"},"image":{"@id":"https:\/\/becsil.com\/producto\/photo-session-wedding-bronze-package\/#primaryimage"},"thumbnailUrl":"https:\/\/becsil.com\/wp-content\/uploads\/2023\/08\/File-Jul-18-2023-17-39-14.png","datePublished":"2023-08-12T00:56:59+00:00","dateModified":"2023-08-13T21:34:53+00:00","breadcrumb":{"@id":"https:\/\/becsil.com\/producto\/photo-session-wedding-bronze-package\/#breadcrumb"},"inLanguage":"es","potentialAction":[{"@type":"ReadAction","target":["https:\/\/becsil.com\/producto\/photo-session-wedding-bronze-package\/"]}]},{"@type":"ImageObject","inLanguage":"es","@id":"https:\/\/becsil.com\/producto\/photo-session-wedding-bronze-package\/#primaryimage","url":"https:\/\/becsil.com\/wp-content\/uploads\/2023\/08\/File-Jul-18-2023-17-39-14.png","contentUrl":"https:\/\/becsil.com\/wp-content\/uploads\/2023\/08\/File-Jul-18-2023-17-39-14.png","width":1024,"height":683,"caption":"Weddings, we celebrate love!!!"},{"@type":"BreadcrumbList","@id":"https:\/\/becsil.com\/producto\/photo-session-wedding-bronze-package\/#breadcrumb","itemListElement":[{"@type":"ListItem","position":1,"name":"Portada","item":"https:\/\/becsil.com\/"},{"@type":"ListItem","position":2,"name":"Store","item":"https:\/\/becsil.com\/store\/"},{"@type":"ListItem","position":3,"name":"Photo Session Wedding Bronze Package"}]},{"@type":"WebSite","@id":"https:\/\/becsil.com\/#website","url":"https:\/\/becsil.com\/","name":"BECSIL PHOTOGRAPHER","description":"Fotograf\u00eda y Publicidad","publisher":{"@id":"https:\/\/becsil.com\/#organization"},"potentialAction":[{"@type":"SearchAction","target":{"@type":"EntryPoint","urlTemplate":"https:\/\/becsil.com\/?s={search_term_string}"},"query-input":{"@type":"PropertyValueSpecification","valueRequired":true,"valueName":"search_term_string"}}],"inLanguage":"es"},{"@type":"Organization","@id":"https:\/\/becsil.com\/#organization","name":"BECSIL PHOTOGRAPHER","url":"https:\/\/becsil.com\/","logo":{"@type":"ImageObject","inLanguage":"es","@id":"https:\/\/becsil.com\/#\/schema\/logo\/image\/","url":"https:\/\/becsil.com\/wp-content\/uploads\/2023\/01\/LOGO-BECSIL_Mesa-de-trabajo-1-copia-2.png","contentUrl":"https:\/\/becsil.com\/wp-content\/uploads\/2023\/01\/LOGO-BECSIL_Mesa-de-trabajo-1-copia-2.png","width":827,"height":355,"caption":"BECSIL PHOTOGRAPHER"},"image":{"@id":"https:\/\/becsil.com\/#\/schema\/logo\/image\/"},"sameAs":["https:\/\/web.facebook.com\/becsilphotographer\/","https:\/\/www.instagram.com\/becsilphotographer\/"]}]}},"_links":{"self":[{"href":"https:\/\/becsil.com\/es\/wp-json\/wp\/v2\/product\/3135","targetHints":{"allow":["GET"]}}],"collection":[{"href":"https:\/\/becsil.com\/es\/wp-json\/wp\/v2\/product"}],"about":[{"href":"https:\/\/becsil.com\/es\/wp-json\/wp\/v2\/types\/product"}],"replies":[{"embeddable":true,"href":"https:\/\/becsil.com\/es\/wp-json\/wp\/v2\/comments?post=3135"}],"wp:featuredmedia":[{"embeddable":true,"href":"https:\/\/becsil.com\/es\/wp-json\/wp\/v2\/media\/3136"}],"wp:attachment":[{"href":"https:\/\/becsil.com\/es\/wp-json\/wp\/v2\/media?parent=3135"}],"wp:term":[{"taxonomy":"product_brand","embeddable":true,"href":"https:\/\/becsil.com\/es\/wp-json\/wp\/v2\/product_brand?post=3135"},{"taxonomy":"product_cat","embeddable":true,"href":"https:\/\/becsil.com\/es\/wp-json\/wp\/v2\/product_cat?post=3135"},{"taxonomy":"product_tag","embeddable":true,"href":"https:\/\/becsil.com\/es\/wp-json\/wp\/v2\/product_tag?post=3135"}],"curies":[{"name":"wp","href":"https:\/\/api.w.org\/{rel}","templated":true}]}}