{"id":3158,"date":"2023-08-12T12:32:43","date_gmt":"2023-08-12T12:32:43","guid":{"rendered":"https:\/\/becsil.com\/?post_type=product&#038;p=3158"},"modified":"2023-08-13T21:33:19","modified_gmt":"2023-08-13T21:33:19","slug":"photo-session-wedding-gold-package","status":"publish","type":"product","link":"https:\/\/becsil.com\/es\/producto\/photo-session-wedding-gold-package\/","title":{"rendered":"Sesi\u00f3n de fotos para boda paquete Oro"},"content":{"rendered":"<p>\"\u00a1Hola! Soy Carlos Becerra Silva, un apasionado fot\u00f3grafo profesional y especialista en publicidad. He tenido el privilegio de ense\u00f1ar fotograf\u00eda a m\u00e1s de 5000 estudiantes y capturar momentos especiales en bodas, eventos y sesiones publicitarias. Si est\u00e1s buscando una experiencia fotogr\u00e1fica \u00fanica y creativa, estoy aqu\u00ed para ayudarte a inmortalizar esos momentos especiales. Tambi\u00e9n soy un h\u00e1bil piloto de drones, creando cautivadores videos a\u00e9reos. Perm\u00edteme capturar tu esencia a trav\u00e9s de mi lente y crear recuerdos que perdurar\u00e1n toda la vida. \u00a1Cont\u00e1ctame para una sesi\u00f3n personalizada y descubre el arte en cada imagen. Espero conocerte pronto!\"<\/p>\n\n\n\n<p>Atentamente<\/p>\n\n\n\n<p><strong>BECSIL<\/strong> \ud83d\ude42<\/p>\n\n\n\n<p><\/p>","protected":false},"excerpt":{"rendered":"<p class=\"translation-block\">&gt; Paquete Oro \n\nIncluye:\n\nPhoto Booth, Video y Fotograf\u00eda.\n 8 horas de cobertura en un solo \n lugar\n Una USB con todas las fotos.  \n Im\u00e1genes fotogr\u00e1ficas digitales\n 14 impresiones de 8 x 10 pulgadas.\n (1) Un video de hasta 42 minutos \n minutes\n 1 video corto de hasta 1 minuto\n Fotograf\u00eda a\u00e9rea y video con drone\n Un libro foto \u00e1lbum impreso con 50 \n hojas(100 p\u00e1ginas)\n\nHora extra para cada servicio $280* Tiempo de entrega de las fotograf\u00edas digitales de 2 a 4 semanas.  Video de 1 a 2 meses.<\/p>","protected":false},"featured_media":3152,"comment_status":"open","ping_status":"closed","template":"","meta":{"site-sidebar-layout":"default","site-content-layout":"","ast-site-content-layout":"","site-content-style":"default","site-sidebar-style":"default","ast-global-header-display":"","ast-banner-title-visibility":"","ast-main-header-display":"","ast-hfb-above-header-display":"","ast-hfb-below-header-display":"","ast-hfb-mobile-header-display":"","site-post-title":"","ast-breadcrumbs-content":"","ast-featured-img":"","footer-sml-layout":"","theme-transparent-header-meta":"","adv-header-id-meta":"","stick-header-meta":"","header-above-stick-meta":"","header-main-stick-meta":"","header-below-stick-meta":"","astra-migrate-meta-layouts":"default","ast-page-background-enabled":"default","ast-page-background-meta":{"desktop":{"background-color":"var(--ast-global-color-4)","background-image":"","background-repeat":"repeat","background-position":"center center","background-size":"auto","background-attachment":"scroll","background-type":"","background-media":"","overlay-type":"","overlay-color":"","overlay-opacity":"","overlay-gradient":""},"tablet":{"background-color":"","background-image":"","background-repeat":"repeat","background-position":"center center","background-size":"auto","background-attachment":"scroll","background-type":"","background-media":"","overlay-type":"","overlay-color":"","overlay-opacity":"","overlay-gradient":""},"mobile":{"background-color":"","background-image":"","background-repeat":"repeat","background-position":"center center","background-size":"auto","background-attachment":"scroll","background-type":"","background-media":"","overlay-type":"","overlay-color":"","overlay-opacity":"","overlay-gradient":""}},"ast-content-background-meta":{"desktop":{"background-color":"var(--ast-global-color-5)","background-image":"","background-repeat":"repeat","background-position":"center center","background-size":"auto","background-attachment":"scroll","background-type":"","background-media":"","overlay-type":"","overlay-color":"","overlay-opacity":"","overlay-gradient":""},"tablet":{"background-color":"var(--ast-global-color-5)","background-image":"","background-repeat":"repeat","background-position":"center center","background-size":"auto","background-attachment":"scroll","background-type":"","background-media":"","overlay-type":"","overlay-color":"","overlay-opacity":"","overlay-gradient":""},"mobile":{"background-color":"var(--ast-global-color-5)","background-image":"","background-repeat":"repeat","background-position":"center center","background-size":"auto","background-attachment":"scroll","background-type":"","background-media":"","overlay-type":"","overlay-color":"","overlay-opacity":"","overlay-gradient":""}},"_joinchat":[]},"product_brand":[],"product_cat":[35],"product_tag":[],"class_list":{"0":"post-3158","1":"product","2":"type-product","3":"status-publish","4":"has-post-thumbnail","6":"product_cat-photography-services","7":"desktop-align-left","8":"tablet-align-left","9":"mobile-align-left","11":"first","12":"onbackorder","13":"sale","14":"shipping-taxable","15":"purchasable","16":"product-type-simple"},"yoast_head":"<!-- This site is optimized with the Yoast SEO plugin v27.4 - https:\/\/yoast.com\/product\/yoast-seo-wordpress\/ -->\n<title>Photo Session Wedding Gold Package - BECSIL PHOTOGRAPHER<\/title>\n<meta name=\"robots\" content=\"index, follow, max-snippet:-1, max-image-preview:large, max-video-preview:-1\" \/>\n<link rel=\"canonical\" href=\"https:\/\/becsil.com\/es\/producto\/photo-session-wedding-gold-package\/\" \/>\n<meta property=\"og:locale\" content=\"es_ES\" \/>\n<meta property=\"og:type\" content=\"article\" \/>\n<meta property=\"og:title\" content=\"Photo Session Wedding Gold Package - BECSIL PHOTOGRAPHER\" \/>\n<meta property=\"og:description\" content=\"&gt; Gold Package Includes: Photo Booth, Video and Photography 8 hours of coverage USB with all the photos Digital images 14 Prints 8\u00d710 inch 1 full video of up to 42 minutes 1 minute edited short video Aerial photography and video with Drone A 10 x 8 printed Book album with 50 sheets (100 pages) Extra hour $280 each service* Photos Response time 2 to 4 weeks to complete* Video between 1 to 2 months*\u00a0\" \/>\n<meta property=\"og:url\" content=\"https:\/\/becsil.com\/es\/producto\/photo-session-wedding-gold-package\/\" \/>\n<meta property=\"og:site_name\" content=\"BECSIL PHOTOGRAPHER\" \/>\n<meta property=\"article:publisher\" content=\"https:\/\/web.facebook.com\/becsilphotographer\/\" \/>\n<meta property=\"article:modified_time\" content=\"2023-08-13T21:33:19+00:00\" \/>\n<meta name=\"twitter:card\" content=\"summary_large_image\" \/>\n<script type=\"application\/ld+json\" class=\"yoast-schema-graph\">{\"@context\":\"https:\\\/\\\/schema.org\",\"@graph\":[{\"@type\":\"WebPage\",\"@id\":\"https:\\\/\\\/becsil.com\\\/producto\\\/photo-session-wedding-gold-package\\\/\",\"url\":\"https:\\\/\\\/becsil.com\\\/producto\\\/photo-session-wedding-gold-package\\\/\",\"name\":\"Photo Session Wedding Gold Package - BECSIL PHOTOGRAPHER\",\"isPartOf\":{\"@id\":\"https:\\\/\\\/becsil.com\\\/#website\"},\"primaryImageOfPage\":{\"@id\":\"https:\\\/\\\/becsil.com\\\/producto\\\/photo-session-wedding-gold-package\\\/#primaryimage\"},\"image\":{\"@id\":\"https:\\\/\\\/becsil.com\\\/producto\\\/photo-session-wedding-gold-package\\\/#primaryimage\"},\"thumbnailUrl\":\"https:\\\/\\\/becsil.com\\\/wp-content\\\/uploads\\\/2023\\\/08\\\/File-Jul-18-2023-17-37-55.png\",\"datePublished\":\"2023-08-12T12:32:43+00:00\",\"dateModified\":\"2023-08-13T21:33:19+00:00\",\"breadcrumb\":{\"@id\":\"https:\\\/\\\/becsil.com\\\/producto\\\/photo-session-wedding-gold-package\\\/#breadcrumb\"},\"inLanguage\":\"es\",\"potentialAction\":[{\"@type\":\"ReadAction\",\"target\":[\"https:\\\/\\\/becsil.com\\\/producto\\\/photo-session-wedding-gold-package\\\/\"]}]},{\"@type\":\"ImageObject\",\"inLanguage\":\"es\",\"@id\":\"https:\\\/\\\/becsil.com\\\/producto\\\/photo-session-wedding-gold-package\\\/#primaryimage\",\"url\":\"https:\\\/\\\/becsil.com\\\/wp-content\\\/uploads\\\/2023\\\/08\\\/File-Jul-18-2023-17-37-55.png\",\"contentUrl\":\"https:\\\/\\\/becsil.com\\\/wp-content\\\/uploads\\\/2023\\\/08\\\/File-Jul-18-2023-17-37-55.png\",\"width\":683,\"height\":1024,\"caption\":\"Weddings, we celebrate love!!!\"},{\"@type\":\"BreadcrumbList\",\"@id\":\"https:\\\/\\\/becsil.com\\\/producto\\\/photo-session-wedding-gold-package\\\/#breadcrumb\",\"itemListElement\":[{\"@type\":\"ListItem\",\"position\":1,\"name\":\"Portada\",\"item\":\"https:\\\/\\\/becsil.com\\\/\"},{\"@type\":\"ListItem\",\"position\":2,\"name\":\"Store\",\"item\":\"https:\\\/\\\/becsil.com\\\/store\\\/\"},{\"@type\":\"ListItem\",\"position\":3,\"name\":\"Photo Session Wedding Gold Package\"}]},{\"@type\":\"WebSite\",\"@id\":\"https:\\\/\\\/becsil.com\\\/#website\",\"url\":\"https:\\\/\\\/becsil.com\\\/\",\"name\":\"BECSIL PHOTOGRAPHER\",\"description\":\"Photography and Advertising\",\"publisher\":{\"@id\":\"https:\\\/\\\/becsil.com\\\/#organization\"},\"potentialAction\":[{\"@type\":\"SearchAction\",\"target\":{\"@type\":\"EntryPoint\",\"urlTemplate\":\"https:\\\/\\\/becsil.com\\\/?s={search_term_string}\"},\"query-input\":{\"@type\":\"PropertyValueSpecification\",\"valueRequired\":true,\"valueName\":\"search_term_string\"}}],\"inLanguage\":\"es\"},{\"@type\":\"Organization\",\"@id\":\"https:\\\/\\\/becsil.com\\\/#organization\",\"name\":\"BECSIL PHOTOGRAPHER\",\"url\":\"https:\\\/\\\/becsil.com\\\/\",\"logo\":{\"@type\":\"ImageObject\",\"inLanguage\":\"es\",\"@id\":\"https:\\\/\\\/becsil.com\\\/#\\\/schema\\\/logo\\\/image\\\/\",\"url\":\"https:\\\/\\\/becsil.com\\\/wp-content\\\/uploads\\\/2023\\\/01\\\/LOGO-BECSIL_Mesa-de-trabajo-1-copia-2.png\",\"contentUrl\":\"https:\\\/\\\/becsil.com\\\/wp-content\\\/uploads\\\/2023\\\/01\\\/LOGO-BECSIL_Mesa-de-trabajo-1-copia-2.png\",\"width\":827,\"height\":355,\"caption\":\"BECSIL PHOTOGRAPHER\"},\"image\":{\"@id\":\"https:\\\/\\\/becsil.com\\\/#\\\/schema\\\/logo\\\/image\\\/\"},\"sameAs\":[\"https:\\\/\\\/web.facebook.com\\\/becsilphotographer\\\/\",\"https:\\\/\\\/www.instagram.com\\\/becsilphotographer\\\/\"]}]}<\/script>\n<!-- \/ Yoast SEO plugin. -->","yoast_head_json":{"title":"Photo Session Wedding Gold Package - BECSIL PHOTOGRAPHER","robots":{"index":"index","follow":"follow","max-snippet":"max-snippet:-1","max-image-preview":"max-image-preview:large","max-video-preview":"max-video-preview:-1"},"canonical":"https:\/\/becsil.com\/es\/producto\/photo-session-wedding-gold-package\/","og_locale":"es_ES","og_type":"article","og_title":"Photo Session Wedding Gold Package - BECSIL PHOTOGRAPHER","og_description":"&gt; Gold Package Includes: Photo Booth, Video and Photography 8 hours of coverage USB with all the photos Digital images 14 Prints 8\u00d710 inch 1 full video of up to 42 minutes 1 minute edited short video Aerial photography and video with Drone A 10 x 8 printed Book album with 50 sheets (100 pages) Extra hour $280 each service* Photos Response time 2 to 4 weeks to complete* Video between 1 to 2 months*\u00a0","og_url":"https:\/\/becsil.com\/es\/producto\/photo-session-wedding-gold-package\/","og_site_name":"BECSIL PHOTOGRAPHER","article_publisher":"https:\/\/web.facebook.com\/becsilphotographer\/","article_modified_time":"2023-08-13T21:33:19+00:00","twitter_card":"summary_large_image","schema":{"@context":"https:\/\/schema.org","@graph":[{"@type":"WebPage","@id":"https:\/\/becsil.com\/producto\/photo-session-wedding-gold-package\/","url":"https:\/\/becsil.com\/producto\/photo-session-wedding-gold-package\/","name":"Photo Session Wedding Gold Package - BECSIL PHOTOGRAPHER","isPartOf":{"@id":"https:\/\/becsil.com\/#website"},"primaryImageOfPage":{"@id":"https:\/\/becsil.com\/producto\/photo-session-wedding-gold-package\/#primaryimage"},"image":{"@id":"https:\/\/becsil.com\/producto\/photo-session-wedding-gold-package\/#primaryimage"},"thumbnailUrl":"https:\/\/becsil.com\/wp-content\/uploads\/2023\/08\/File-Jul-18-2023-17-37-55.png","datePublished":"2023-08-12T12:32:43+00:00","dateModified":"2023-08-13T21:33:19+00:00","breadcrumb":{"@id":"https:\/\/becsil.com\/producto\/photo-session-wedding-gold-package\/#breadcrumb"},"inLanguage":"es","potentialAction":[{"@type":"ReadAction","target":["https:\/\/becsil.com\/producto\/photo-session-wedding-gold-package\/"]}]},{"@type":"ImageObject","inLanguage":"es","@id":"https:\/\/becsil.com\/producto\/photo-session-wedding-gold-package\/#primaryimage","url":"https:\/\/becsil.com\/wp-content\/uploads\/2023\/08\/File-Jul-18-2023-17-37-55.png","contentUrl":"https:\/\/becsil.com\/wp-content\/uploads\/2023\/08\/File-Jul-18-2023-17-37-55.png","width":683,"height":1024,"caption":"Weddings, we celebrate love!!!"},{"@type":"BreadcrumbList","@id":"https:\/\/becsil.com\/producto\/photo-session-wedding-gold-package\/#breadcrumb","itemListElement":[{"@type":"ListItem","position":1,"name":"Portada","item":"https:\/\/becsil.com\/"},{"@type":"ListItem","position":2,"name":"Store","item":"https:\/\/becsil.com\/store\/"},{"@type":"ListItem","position":3,"name":"Photo Session Wedding Gold Package"}]},{"@type":"WebSite","@id":"https:\/\/becsil.com\/#website","url":"https:\/\/becsil.com\/","name":"BECSIL PHOTOGRAPHER","description":"Fotograf\u00eda y Publicidad","publisher":{"@id":"https:\/\/becsil.com\/#organization"},"potentialAction":[{"@type":"SearchAction","target":{"@type":"EntryPoint","urlTemplate":"https:\/\/becsil.com\/?s={search_term_string}"},"query-input":{"@type":"PropertyValueSpecification","valueRequired":true,"valueName":"search_term_string"}}],"inLanguage":"es"},{"@type":"Organization","@id":"https:\/\/becsil.com\/#organization","name":"BECSIL PHOTOGRAPHER","url":"https:\/\/becsil.com\/","logo":{"@type":"ImageObject","inLanguage":"es","@id":"https:\/\/becsil.com\/#\/schema\/logo\/image\/","url":"https:\/\/becsil.com\/wp-content\/uploads\/2023\/01\/LOGO-BECSIL_Mesa-de-trabajo-1-copia-2.png","contentUrl":"https:\/\/becsil.com\/wp-content\/uploads\/2023\/01\/LOGO-BECSIL_Mesa-de-trabajo-1-copia-2.png","width":827,"height":355,"caption":"BECSIL PHOTOGRAPHER"},"image":{"@id":"https:\/\/becsil.com\/#\/schema\/logo\/image\/"},"sameAs":["https:\/\/web.facebook.com\/becsilphotographer\/","https:\/\/www.instagram.com\/becsilphotographer\/"]}]}},"_links":{"self":[{"href":"https:\/\/becsil.com\/es\/wp-json\/wp\/v2\/product\/3158","targetHints":{"allow":["GET"]}}],"collection":[{"href":"https:\/\/becsil.com\/es\/wp-json\/wp\/v2\/product"}],"about":[{"href":"https:\/\/becsil.com\/es\/wp-json\/wp\/v2\/types\/product"}],"replies":[{"embeddable":true,"href":"https:\/\/becsil.com\/es\/wp-json\/wp\/v2\/comments?post=3158"}],"wp:featuredmedia":[{"embeddable":true,"href":"https:\/\/becsil.com\/es\/wp-json\/wp\/v2\/media\/3152"}],"wp:attachment":[{"href":"https:\/\/becsil.com\/es\/wp-json\/wp\/v2\/media?parent=3158"}],"wp:term":[{"taxonomy":"product_brand","embeddable":true,"href":"https:\/\/becsil.com\/es\/wp-json\/wp\/v2\/product_brand?post=3158"},{"taxonomy":"product_cat","embeddable":true,"href":"https:\/\/becsil.com\/es\/wp-json\/wp\/v2\/product_cat?post=3158"},{"taxonomy":"product_tag","embeddable":true,"href":"https:\/\/becsil.com\/es\/wp-json\/wp\/v2\/product_tag?post=3158"}],"curies":[{"name":"wp","href":"https:\/\/api.w.org\/{rel}","templated":true}]}}